{"id":591,"date":"2021-03-26T15:22:09","date_gmt":"2021-03-26T14:22:09","guid":{"rendered":"https:\/\/www.brunone-innovation.com\/?page_id=591"},"modified":"2024-07-05T08:42:35","modified_gmt":"2024-07-05T07:42:35","slug":"transpar-convoyeur-etanche","status":"publish","type":"page","link":"https:\/\/www.brunone-innovation.com\/en\/transpar-convoyeur-etanche\/","title":{"rendered":"TRANSPAR - Sealed Conveyor"},"content":{"rendered":"<div data-elementor-type=\"wp-page\" data-elementor-id=\"591\" class=\"elementor elementor-591\">\n\t\t\t\t\t\t<section class=\"elementor-section elementor-top-section elementor-element elementor-element-cd55c58 elementor-section-height-min-height elementor-section-items-stretch elementor-section-content-bottom elementor-section-boxed elementor-section-height-default\" data-id=\"cd55c58\" data-element_type=\"section\" data-settings=\"{&quot;background_background&quot;:&quot;classic&quot;}\">\n\t\t\t\t\t\t\t<div class=\"elementor-background-overlay\"><\/div>\n\t\t\t\t\t\t\t<div class=\"elementor-container elementor-column-gap-default\">\n\t\t\t\t\t<div class=\"elementor-column elementor-col-100 elementor-top-column elementor-element elementor-element-6573134b\" data-id=\"6573134b\" data-element_type=\"column\">\n\t\t\t<div class=\"elementor-widget-wrap elementor-element-populated\">\n\t\t\t\t\t\t<section class=\"elementor-section elementor-inner-section elementor-element elementor-element-7bf9348b elementor-section-boxed elementor-section-height-default elementor-section-height-default\" data-id=\"7bf9348b\" data-element_type=\"section\">\n\t\t\t\t\t\t\t<div class=\"elementor-background-overlay\"><\/div>\n\t\t\t\t\t\t\t<div class=\"elementor-container elementor-column-gap-no\">\n\t\t\t\t\t<div class=\"elementor-column elementor-col-100 elementor-inner-column elementor-element elementor-element-3eda86bb\" data-id=\"3eda86bb\" data-element_type=\"column\">\n\t\t\t<div class=\"elementor-widget-wrap elementor-element-populated\">\n\t\t\t\t\t\t<div class=\"elementor-element elementor-element-3df5e55a elementor-widget elementor-widget-heading\" data-id=\"3df5e55a\" data-element_type=\"widget\" data-widget_type=\"heading.default\">\n\t\t\t\t<div class=\"elementor-widget-container\">\n\t\t\t\t\t<h1 class=\"elementor-heading-title elementor-size-default\">TRANSPAR - Sealed Conveyor<\/h1>\t\t\t\t<\/div>\n\t\t\t\t<\/div>\n\t\t\t\t<div class=\"elementor-element elementor-element-63750183 elementor-widget-divider--view-line elementor-invisible elementor-widget elementor-widget-divider\" data-id=\"63750183\" data-element_type=\"widget\" data-settings=\"{&quot;_animation&quot;:&quot;fadeIn&quot;,&quot;_animation_delay&quot;:300}\" data-widget_type=\"divider.default\">\n\t\t\t\t<div class=\"elementor-widget-container\">\n\t\t\t\t\t\t\t<div class=\"elementor-divider\">\n\t\t\t<span class=\"elementor-divider-separator\">\n\t\t\t\t\t\t<\/span>\n\t\t<\/div>\n\t\t\t\t\t\t<\/div>\n\t\t\t\t<\/div>\n\t\t\t\t\t<\/div>\n\t\t<\/div>\n\t\t\t\t\t<\/div>\n\t\t<\/section>\n\t\t\t\t\t<\/div>\n\t\t<\/div>\n\t\t\t\t\t<\/div>\n\t\t<\/section>\n\t\t\t\t<section class=\"elementor-section elementor-top-section elementor-element elementor-element-70006c1b envato-kit-141-top-0 elementor-section-boxed elementor-section-height-default elementor-section-height-default\" data-id=\"70006c1b\" data-element_type=\"section\" data-settings=\"{&quot;background_background&quot;:&quot;classic&quot;}\">\n\t\t\t\t\t\t\t<div class=\"elementor-background-overlay\"><\/div>\n\t\t\t\t\t\t\t<div class=\"elementor-container elementor-column-gap-wider\">\n\t\t\t\t\t<div class=\"elementor-column elementor-col-50 elementor-top-column elementor-element elementor-element-2667034f\" data-id=\"2667034f\" data-element_type=\"column\">\n\t\t\t<div class=\"elementor-widget-wrap elementor-element-populated\">\n\t\t\t\t\t\t<div class=\"elementor-element elementor-element-3151e8de elementor-widget elementor-widget-shortcode\" data-id=\"3151e8de\" data-element_type=\"widget\" data-widget_type=\"shortcode.default\">\n\t\t\t\t<div class=\"elementor-widget-container\">\n\t\t\t\t\t\t\t<div class=\"elementor-shortcode\">\n<\/div>\n\t\t\t\t\t\t<\/div>\n\t\t\t\t<\/div>\n\t\t\t\t<section class=\"elementor-section elementor-inner-section elementor-element elementor-element-5f08477c elementor-section-content-middle elementor-section-boxed elementor-section-height-default elementor-section-height-default\" data-id=\"5f08477c\" data-element_type=\"section\" data-settings=\"{&quot;background_background&quot;:&quot;classic&quot;}\">\n\t\t\t\t\t\t<div class=\"elementor-container elementor-column-gap-default\">\n\t\t\t\t\t<div class=\"elementor-column elementor-col-50 elementor-inner-column elementor-element elementor-element-22c7a62\" data-id=\"22c7a62\" data-element_type=\"column\">\n\t\t\t<div class=\"elementor-widget-wrap elementor-element-populated\">\n\t\t\t\t\t\t<div class=\"elementor-element elementor-element-109dd413 elementor-widget elementor-widget-image\" data-id=\"109dd413\" data-element_type=\"widget\" data-widget_type=\"image.default\">\n\t\t\t\t<div class=\"elementor-widget-container\">\n\t\t\t\t\t\t\t\t\t\t\t\t\t\t\t<img decoding=\"async\" width=\"115\" height=\"117\" src=\"https:\/\/www.brunone-innovation.com\/wp-content\/uploads\/2021\/03\/made-in-france.png\" class=\"attachment-full size-full wp-image-296\" alt=\"\" srcset=\"https:\/\/www.brunone-innovation.com\/wp-content\/uploads\/2021\/03\/made-in-france.png 115w, https:\/\/www.brunone-innovation.com\/wp-content\/uploads\/2021\/03\/made-in-france-12x12.png 12w\" sizes=\"(max-width: 115px) 100vw, 115px\" \/>\t\t\t\t\t\t\t\t\t\t\t\t\t\t\t<\/div>\n\t\t\t\t<\/div>\n\t\t\t\t\t<\/div>\n\t\t<\/div>\n\t\t\t\t<div class=\"elementor-column elementor-col-50 elementor-inner-column elementor-element elementor-element-52b9704d\" data-id=\"52b9704d\" data-element_type=\"column\">\n\t\t\t<div class=\"elementor-widget-wrap elementor-element-populated\">\n\t\t\t\t\t\t<div class=\"elementor-element elementor-element-2706a0c6 elementor-widget elementor-widget-image\" data-id=\"2706a0c6\" data-element_type=\"widget\" data-widget_type=\"image.default\">\n\t\t\t\t<div class=\"elementor-widget-container\">\n\t\t\t\t\t\t\t\t\t\t\t\t\t\t\t<img decoding=\"async\" src=\"https:\/\/www.brunone-innovation.com\/wp-content\/uploads\/2021\/09\/Patented-product.png\" title=\"\" alt=\"\" loading=\"lazy\" \/>\t\t\t\t\t\t\t\t\t\t\t\t\t\t\t<\/div>\n\t\t\t\t<\/div>\n\t\t\t\t\t<\/div>\n\t\t<\/div>\n\t\t\t\t\t<\/div>\n\t\t<\/section>\n\t\t\t\t<div class=\"elementor-element elementor-element-2df6c488 elementor-align-center elementor-widget elementor-widget-button\" data-id=\"2df6c488\" data-element_type=\"widget\" data-widget_type=\"button.default\">\n\t\t\t\t<div class=\"elementor-widget-container\">\n\t\t\t\t\t\t\t\t\t<div class=\"elementor-button-wrapper\">\n\t\t\t\t\t<a class=\"elementor-button elementor-button-link elementor-size-md elementor-animation-float\" href=\"https:\/\/www.brunone-innovation.com\/wp-content\/uploads\/2024\/05\/Fiche-produit-TRANSPAR-EX-EN.pdf\">\n\t\t\t\t\t\t<span class=\"elementor-button-content-wrapper\">\n\t\t\t\t\t\t<span class=\"elementor-button-icon\">\n\t\t\t\t<i aria-hidden=\"true\" class=\"fas fa-file-download\"><\/i>\t\t\t<\/span>\n\t\t\t\t\t\t\t\t\t<span class=\"elementor-button-text\">Download Datasheet<\/span>\n\t\t\t\t\t<\/span>\n\t\t\t\t\t<\/a>\n\t\t\t\t<\/div>\n\t\t\t\t\t\t\t\t<\/div>\n\t\t\t\t<\/div>\n\t\t\t\t\t<\/div>\n\t\t<\/div>\n\t\t\t\t<div class=\"elementor-column elementor-col-50 elementor-top-column elementor-element elementor-element-2958c5b9\" data-id=\"2958c5b9\" data-element_type=\"column\">\n\t\t\t<div class=\"elementor-widget-wrap elementor-element-populated\">\n\t\t\t\t\t\t<div class=\"elementor-element elementor-element-2fa73fc9 elementor-invisible elementor-widget elementor-widget-heading\" data-id=\"2fa73fc9\" data-element_type=\"widget\" data-settings=\"{&quot;_animation&quot;:&quot;fadeIn&quot;,&quot;_animation_delay&quot;:50}\" data-widget_type=\"heading.default\">\n\t\t\t\t<div class=\"elementor-widget-container\">\n\t\t\t\t\t<h2 class=\"elementor-heading-title elementor-size-default\">Containement Dust<\/h2>\t\t\t\t<\/div>\n\t\t\t\t<\/div>\n\t\t\t\t<div class=\"elementor-element elementor-element-62c0ff79 elementor-invisible elementor-widget elementor-widget-heading\" data-id=\"62c0ff79\" data-element_type=\"widget\" data-settings=\"{&quot;_animation&quot;:&quot;fadeIn&quot;,&quot;_animation_delay&quot;:100}\" data-widget_type=\"heading.default\">\n\t\t\t\t<div class=\"elementor-widget-container\">\n\t\t\t\t\t<h2 class=\"elementor-heading-title elementor-size-default\">TRANSPAR - Sealed Conveyor<\/h2>\t\t\t\t<\/div>\n\t\t\t\t<\/div>\n\t\t\t\t<div class=\"elementor-element elementor-element-e65af0c elementor-widget elementor-widget-text-editor\" data-id=\"e65af0c\" data-element_type=\"widget\" data-widget_type=\"text-editor.default\">\n\t\t\t\t<div class=\"elementor-widget-container\">\n\t\t\t\t\t\t\t\t\t<p style=\"text-align:justify;\">The TRANSPAR EX is our next-generation\nsealing system for belt conveyors.\nIt can be used with material transfer\nconveyors, under screens and with \ncrushers.\nCompatible with vacuum systems, the\nTRANSPAR EX respects all environmental\nprotection and workers\u02bc health norms.\u00a0<\/p>\t\t\t\t\t\t\t\t<\/div>\n\t\t\t\t<\/div>\n\t\t\t\t<div class=\"elementor-element elementor-element-2a2986e9 elementor-widget-divider--view-line elementor-invisible elementor-widget elementor-widget-divider\" data-id=\"2a2986e9\" data-element_type=\"widget\" data-settings=\"{&quot;_animation&quot;:&quot;fadeIn&quot;,&quot;_animation_delay&quot;:250}\" data-widget_type=\"divider.default\">\n\t\t\t\t<div class=\"elementor-widget-container\">\n\t\t\t\t\t\t\t<div class=\"elementor-divider\">\n\t\t\t<span class=\"elementor-divider-separator\">\n\t\t\t\t\t\t<\/span>\n\t\t<\/div>\n\t\t\t\t\t\t<\/div>\n\t\t\t\t<\/div>\n\t\t\t\t<div class=\"elementor-element elementor-element-a9843fc elementor-widget elementor-widget-eael-adv-tabs\" data-id=\"a9843fc\" data-element_type=\"widget\" data-widget_type=\"eael-adv-tabs.default\">\n\t\t\t\t<div class=\"elementor-widget-container\">\n\t\t\t\t\t        <div data-scroll-on-click=\"no\" data-scroll-speed=\"300\" id=\"eael-advance-tabs-a9843fc\" class=\"eael-advance-tabs eael-tabs-horizontal eael-tab-auto-active\" data-tabid=\"a9843fc\">\n            <div class=\"eael-tabs-nav\">\n                <ul class=\"eael-tab-top-icon\" role=\"tablist\">\n                                            <li id=\"caractristiques-techniques\" class=\"inactive eael-tab-item-trigger eael-tab-nav-item\" aria-selected=\"true\" data-tab=\"1\" role=\"tab\" tabindex=\"0\" aria-controls=\"caractristiques-techniques-tab\" aria-expanded=\"false\">\n                            \n                                                                <i class=\"far fa-list-alt\"><\/i>                                                            \n                            \n                                                            <span class=\"eael-tab-title title-after-icon\" >Products Features<\/span>                                                    <\/li>\n                                            <li id=\"compatibilit\" class=\"inactive eael-tab-item-trigger eael-tab-nav-item\" aria-selected=\"false\" data-tab=\"2\" role=\"tab\" tabindex=\"-1\" aria-controls=\"compatibilit-tab\" aria-expanded=\"false\">\n                            \n                                                                <i class=\"fas fa-cogs\"><\/i>                                                            \n                            \n                                                            <span class=\"eael-tab-title title-after-icon\" >Features<\/span>                                                    <\/li>\n                                            <li id=\"vidos\" class=\"inactive eael-tab-item-trigger eael-tab-nav-item\" aria-selected=\"false\" data-tab=\"3\" role=\"tab\" tabindex=\"-1\" aria-controls=\"vidos-tab\" aria-expanded=\"false\">\n                            \n                                                                <i class=\"fas fa-video\"><\/i>                                                            \n                            \n                                                            <span class=\"eael-tab-title title-after-icon\" >Video<\/span>                                                    <\/li>\n                                    <\/ul>\n            <\/div>\n            \n            <div class=\"eael-tabs-content\">\n\t\t        \n                    <div id=\"caractristiques-techniques-tab\" class=\"clearfix eael-tab-content-item inactive\" data-title-link=\"caractristiques-techniques-tab\">\n\t\t\t\t        <ul style=\"text-align: justify;\"><li>TRANSPAR EX Delivers excellent results and does not generate more friction than sealing skirts.<\/li><li>The rollers can be replaced without having to lift the belt or disassemble the rail and skirt, thanks to an innovative attachment system.<\/li><li>The hoods fastening by strap allows easy access in the event of a blocakes.<\/li><li>Safety and conformity of the conveyor part of the conveyor facing nip angles.<\/li><li>The containment transfer modules are fully compatible with our deep trough loading points.<\/li><\/ul>                    <\/div>\n\t\t        \n                    <div id=\"compatibilit-tab\" class=\"clearfix eael-tab-content-item inactive\" data-title-link=\"compatibilit-tab\">\n\t\t\t\t        <ul><li>Can be used with new and retrofitted \ninstallations.<\/li><li>Can be installed on standard 500 mm to\n1200 mm belts (wider belts possible under survey).<\/li><li>The containment system can be coupled with the SPARGAMAT loading points to ensure perfect sealing of the material reception points.<\/li><\/ul>                    <\/div>\n\t\t        \n                    <div id=\"vidos-tab\" class=\"clearfix eael-tab-content-item inactive\" data-title-link=\"vidos-tab\">\n\t\t\t\t        <p><a href=\"https:\/\/www.youtube.com\/watch?v=5IdnPULXGCE\">(281) TRANSPAR EX sur Tapis navette par R.BRUNONE &#8211; YouTube<\/a><\/p><p><iframe title=\"YouTube video player\" src=\"https:\/\/www.youtube.com\/embed\/v32SPwO3GRI\" width=\"560\" height=\"315\" frameborder=\"0\" allowfullscreen=\"allowfullscreen\"><\/iframe><\/p><p><iframe title=\"YouTube video player\" src=\"https:\/\/www.youtube.com\/embed\/8PncKgEAj5E\" width=\"560\" height=\"315\" frameborder=\"0\" allowfullscreen=\"allowfullscreen\"><\/iframe><\/p><p>\u00a0<\/p><p>\u00a0<\/p>                    <\/div>\n\t\t                    <\/div>\n        <\/div>\n\t\t\t\t<\/div>\n\t\t\t\t<\/div>\n\t\t\t\t\t<\/div>\n\t\t<\/div>\n\t\t\t\t\t<\/div>\n\t\t<\/section>\n\t\t\t\t<section class=\"elementor-section elementor-top-section elementor-element elementor-element-1caf0f8 elementor-section-boxed elementor-section-height-default elementor-section-height-default\" data-id=\"1caf0f8\" data-element_type=\"section\" data-settings=\"{&quot;background_background&quot;:&quot;classic&quot;}\">\n\t\t\t\t\t\t<div class=\"elementor-container elementor-column-gap-extended\">\n\t\t\t\t\t<div class=\"elementor-column elementor-col-100 elementor-top-column elementor-element elementor-element-1613eba5\" data-id=\"1613eba5\" data-element_type=\"column\">\n\t\t\t<div class=\"elementor-widget-wrap elementor-element-populated\">\n\t\t\t\t\t\t<section class=\"elementor-section elementor-inner-section elementor-element elementor-element-2dcad3c1 elementor-section-boxed elementor-section-height-default elementor-section-height-default\" data-id=\"2dcad3c1\" data-element_type=\"section\" data-settings=\"{&quot;background_background&quot;:&quot;classic&quot;}\">\n\t\t\t\t\t\t<div class=\"elementor-container elementor-column-gap-default\">\n\t\t\t\t\t<div class=\"elementor-column elementor-col-100 elementor-inner-column elementor-element elementor-element-26070069\" data-id=\"26070069\" data-element_type=\"column\">\n\t\t\t<div class=\"elementor-widget-wrap elementor-element-populated\">\n\t\t\t\t\t\t<div class=\"elementor-element elementor-element-b70669f elementor-widget elementor-widget-heading\" data-id=\"b70669f\" data-element_type=\"widget\" data-widget_type=\"heading.default\">\n\t\t\t\t<div class=\"elementor-widget-container\">\n\t\t\t\t\t<h2 class=\"elementor-heading-title elementor-size-default\">The options available for optimal results:<\/h2>\t\t\t\t<\/div>\n\t\t\t\t<\/div>\n\t\t\t\t<div class=\"elementor-element elementor-element-5c621449 elementor-widget-divider--view-line elementor-invisible elementor-widget elementor-widget-divider\" data-id=\"5c621449\" data-element_type=\"widget\" data-settings=\"{&quot;_animation&quot;:&quot;fadeIn&quot;,&quot;_animation_delay&quot;:250}\" data-widget_type=\"divider.default\">\n\t\t\t\t<div class=\"elementor-widget-container\">\n\t\t\t\t\t\t\t<div class=\"elementor-divider\">\n\t\t\t<span class=\"elementor-divider-separator\">\n\t\t\t\t\t\t<\/span>\n\t\t<\/div>\n\t\t\t\t\t\t<\/div>\n\t\t\t\t<\/div>\n\t\t\t\t\t<\/div>\n\t\t<\/div>\n\t\t\t\t\t<\/div>\n\t\t<\/section>\n\t\t\t\t<div class=\"elementor-element elementor-element-34b556f4 elementor-widget elementor-widget-eael-adv-tabs\" data-id=\"34b556f4\" data-element_type=\"widget\" data-widget_type=\"eael-adv-tabs.default\">\n\t\t\t\t<div class=\"elementor-widget-container\">\n\t\t\t\t\t        <div data-scroll-on-click=\"no\" data-scroll-speed=\"300\" id=\"eael-advance-tabs-34b556f4\" class=\"eael-advance-tabs eael-tabs-vertical eael-tab-auto-active\" data-tabid=\"34b556f4\">\n            <div class=\"eael-tabs-nav\">\n                <ul class=\"eael-tab-inline-icon\" role=\"tablist\">\n                                            <li id=\"filtres\" class=\"inactive eael-tab-item-trigger eael-tab-nav-item\" aria-selected=\"true\" data-tab=\"1\" role=\"tab\" tabindex=\"0\" aria-controls=\"filtres-tab\" aria-expanded=\"false\">\n                            \n                                                                <i class=\"fas fa-plus-square\"><\/i>                                                            \n                                                            <span class=\"eael-tab-title title-after-icon\" >Dedusting on line<\/span>                            \n                                                    <\/li>\n                                            <li id=\"montage\" class=\"inactive eael-tab-item-trigger eael-tab-nav-item\" aria-selected=\"false\" data-tab=\"2\" role=\"tab\" tabindex=\"-1\" aria-controls=\"montage-tab\" aria-expanded=\"false\">\n                            \n                                                                <i class=\"fas fa-plus-square\"><\/i>                                                            \n                                                            <span class=\"eael-tab-title title-after-icon\" >Installation<\/span>                            \n                                                    <\/li>\n                                            <li id=\"renforc\" class=\"inactive eael-tab-item-trigger eael-tab-nav-item\" aria-selected=\"false\" data-tab=\"3\" role=\"tab\" tabindex=\"-1\" aria-controls=\"renforc-tab\" aria-expanded=\"false\">\n                            \n                                                                <i class=\"fas fa-plus-square\"><\/i>                                                            \n                                                            <span class=\"eael-tab-title title-after-icon\" >Reinforced<\/span>                            \n                                                    <\/li>\n                                    <\/ul>\n            <\/div>\n            \n            <div class=\"eael-tabs-content\">\n\t\t        \n                    <div id=\"filtres-tab\" class=\"clearfix eael-tab-content-item inactive\" data-title-link=\"filtres-tab\">\n\t\t\t\t        <ul><li><span style=\"background-color: transparent; color: var(--global-palette4); font-family: var(--global-body-font-family);\">Associated with a dedusting bag filter, the TRANSPAR EX achieves the beste results in terms of the environment and the health of workers.<\/span><\/li><li>The dusting of an installation is the combination of a containment system (TRANSPAR) and a vaccuming the circuit (filter)<\/li><\/ul>                    <\/div>\n\t\t        \n                    <div id=\"montage-tab\" class=\"clearfix eael-tab-content-item inactive\" data-title-link=\"montage-tab\">\n\t\t\t\t        <ul><li><span style=\"background-color: transparent; color: var(--global-palette4); font-family: var(--global-body-font-family);\">Our experienced teams of technicians are waiting for your availability to come and assemble, settle, advise and satisfy your field problems.<\/span><\/li><\/ul>                    <\/div>\n\t\t        \n                    <div id=\"renforc-tab\" class=\"clearfix eael-tab-content-item inactive\" data-title-link=\"renforc-tab\">\n\t\t\t\t        <ul><li><span style=\"background-color: transparent; color: var(--global-palette4); font-family: var(--global-body-font-family);\">High temperature version<\/span><\/li><\/ul>                    <\/div>\n\t\t                    <\/div>\n        <\/div>\n\t\t\t\t<\/div>\n\t\t\t\t<\/div>\n\t\t\t\t<div class=\"elementor-element elementor-element-c9fa268 elementor-align-center elementor-widget elementor-widget-button\" data-id=\"c9fa268\" data-element_type=\"widget\" data-widget_type=\"button.default\">\n\t\t\t\t<div class=\"elementor-widget-container\">\n\t\t\t\t\t\t\t\t\t<div class=\"elementor-button-wrapper\">\n\t\t\t\t\t<a class=\"elementor-button elementor-button-link elementor-size-md elementor-animation-float\" href=\"https:\/\/www.brunone-innovation.com\/wp-content\/uploads\/2024\/05\/Fiche-produit-TRANSPAR-EN.pdf\">\n\t\t\t\t\t\t<span class=\"elementor-button-content-wrapper\">\n\t\t\t\t\t\t<span class=\"elementor-button-icon\">\n\t\t\t\t<i aria-hidden=\"true\" class=\"fas fa-file-download\"><\/i>\t\t\t<\/span>\n\t\t\t\t\t\t\t\t\t<span class=\"elementor-button-text\">Download Datasheet<\/span>\n\t\t\t\t\t<\/span>\n\t\t\t\t\t<\/a>\n\t\t\t\t<\/div>\n\t\t\t\t\t\t\t\t<\/div>\n\t\t\t\t<\/div>\n\t\t\t\t\t<\/div>\n\t\t<\/div>\n\t\t\t\t\t<\/div>\n\t\t<\/section>\n\t\t\t\t<\/div>","protected":false},"excerpt":{"rendered":"<p>TRANSPAR &#8211; Convoyeur \u00e9tanche T\u00e9l\u00e9charger la fiche produit Confinement et d\u00e9poussi\u00e9rage TRANSPAR EX &#8211; Convoyeur \u00e9tanche Le TRANSPAR EX est un syst\u00e8me de confinement des convoyeurs \u00e0 bande de derni\u00e8re g\u00e9n\u00e9ration. Il peut \u00eatre utilis\u00e9 sur un convoyeur de transfert de mat\u00e9riaux et \u00e9galement \u00e0 la jet\u00e9e des cribles et des concasseurs. Notre bureau d&rsquo;\u00e9tude&#8230;<\/p>","protected":false},"author":1,"featured_media":0,"parent":0,"menu_order":0,"comment_status":"closed","ping_status":"closed","template":"","meta":{"inline_featured_image":false,"_kad_post_transparent":"","_kad_post_title":"hide","_kad_post_layout":"fullwidth","_kad_post_sidebar_id":"","_kad_post_content_style":"unboxed","_kad_post_vertical_padding":"hide","_kad_post_feature":"hide","_kad_post_feature_position":"","_kad_post_header":false,"_kad_post_footer":false,"footnotes":""},"class_list":["post-591","page","type-page","status-publish","hentry"],"_links":{"self":[{"href":"https:\/\/www.brunone-innovation.com\/en\/wp-json\/wp\/v2\/pages\/591","targetHints":{"allow":["GET"]}}],"collection":[{"href":"https:\/\/www.brunone-innovation.com\/en\/wp-json\/wp\/v2\/pages"}],"about":[{"href":"https:\/\/www.brunone-innovation.com\/en\/wp-json\/wp\/v2\/types\/page"}],"author":[{"embeddable":true,"href":"https:\/\/www.brunone-innovation.com\/en\/wp-json\/wp\/v2\/users\/1"}],"replies":[{"embeddable":true,"href":"https:\/\/www.brunone-innovation.com\/en\/wp-json\/wp\/v2\/comments?post=591"}],"version-history":[{"count":0,"href":"https:\/\/www.brunone-innovation.com\/en\/wp-json\/wp\/v2\/pages\/591\/revisions"}],"wp:attachment":[{"href":"https:\/\/www.brunone-innovation.com\/en\/wp-json\/wp\/v2\/media?parent=591"}],"curies":[{"name":"wp","href":"https:\/\/api.w.org\/{rel}","templated":true}]}}