{"id":165,"date":"2021-03-03T17:55:50","date_gmt":"2021-03-03T16:55:50","guid":{"rendered":"https:\/\/www.brunone-innovation.com\/?page_id=165"},"modified":"2023-08-03T08:06:35","modified_gmt":"2023-08-03T07:06:35","slug":"a-propos","status":"publish","type":"page","link":"https:\/\/www.brunone-innovation.com\/en\/a-propos\/","title":{"rendered":"About Us"},"content":{"rendered":"<div data-elementor-type=\"wp-page\" data-elementor-id=\"165\" class=\"elementor elementor-165\">\n\t\t\t\t\t\t<section class=\"elementor-section elementor-top-section elementor-element elementor-element-4abc3804 elementor-section-full_width elementor-section-height-default elementor-section-height-default\" data-id=\"4abc3804\" data-element_type=\"section\" data-settings=\"{&quot;background_background&quot;:&quot;classic&quot;}\">\n\t\t\t\t\t\t\t<div class=\"elementor-background-overlay\"><\/div>\n\t\t\t\t\t\t\t<div class=\"elementor-container elementor-column-gap-no\">\n\t\t\t\t\t<div class=\"elementor-column elementor-col-100 elementor-top-column elementor-element elementor-element-34a01fa9\" data-id=\"34a01fa9\" data-element_type=\"column\" data-settings=\"{&quot;background_background&quot;:&quot;classic&quot;}\">\n\t\t\t<div class=\"elementor-widget-wrap elementor-element-populated\">\n\t\t\t\t\t\t<div class=\"elementor-element elementor-element-36c3501d elementor-widget elementor-widget-heading\" data-id=\"36c3501d\" data-element_type=\"widget\" data-widget_type=\"heading.default\">\n\t\t\t\t<div class=\"elementor-widget-container\">\n\t\t\t\t\t<h1 class=\"elementor-heading-title elementor-size-small\">About Us<\/h1>\t\t\t\t<\/div>\n\t\t\t\t<\/div>\n\t\t\t\t\t<\/div>\n\t\t<\/div>\n\t\t\t\t\t<\/div>\n\t\t<\/section>\n\t\t\t\t<section class=\"elementor-section elementor-top-section elementor-element elementor-element-42dbdec elementor-section-boxed elementor-section-height-default elementor-section-height-default\" data-id=\"42dbdec\" data-element_type=\"section\" data-settings=\"{&quot;background_background&quot;:&quot;classic&quot;}\">\n\t\t\t\t\t\t<div class=\"elementor-container elementor-column-gap-default\">\n\t\t\t\t\t<div class=\"elementor-column elementor-col-50 elementor-top-column elementor-element elementor-element-73f70dc8\" data-id=\"73f70dc8\" data-element_type=\"column\">\n\t\t\t<div class=\"elementor-widget-wrap elementor-element-populated\">\n\t\t\t\t\t\t<section class=\"elementor-section elementor-inner-section elementor-element elementor-element-50d78327 elementor-section-boxed elementor-section-height-default elementor-section-height-default\" data-id=\"50d78327\" data-element_type=\"section\">\n\t\t\t\t\t\t<div class=\"elementor-container elementor-column-gap-wide\">\n\t\t\t\t\t<div class=\"elementor-column elementor-col-100 elementor-inner-column elementor-element elementor-element-5f2e16d7\" data-id=\"5f2e16d7\" data-element_type=\"column\">\n\t\t\t<div class=\"elementor-widget-wrap elementor-element-populated\">\n\t\t\t\t\t\t<div class=\"elementor-element elementor-element-64fe737f elementor-widget elementor-widget-image\" data-id=\"64fe737f\" data-element_type=\"widget\" data-widget_type=\"image.default\">\n\t\t\t\t<div class=\"elementor-widget-container\">\n\t\t\t\t\t\t\t\t\t\t\t\t\t\t\t<img fetchpriority=\"high\" decoding=\"async\" width=\"379\" height=\"276\" src=\"https:\/\/www.brunone-innovation.com\/wp-content\/uploads\/2021\/06\/festival-innovations-chez-brunone.jpg\" class=\"attachment-full size-full wp-image-2367\" alt=\"D\u00e9monte tambour Rene BRUNONE salon de la SIM\" srcset=\"https:\/\/www.brunone-innovation.com\/wp-content\/uploads\/2021\/06\/festival-innovations-chez-brunone.jpg 379w, https:\/\/www.brunone-innovation.com\/wp-content\/uploads\/2021\/06\/festival-innovations-chez-brunone-300x218.jpg 300w, https:\/\/www.brunone-innovation.com\/wp-content\/uploads\/2021\/06\/festival-innovations-chez-brunone-16x12.jpg 16w\" sizes=\"(max-width: 379px) 100vw, 379px\" \/>\t\t\t\t\t\t\t\t\t\t\t\t\t\t\t<\/div>\n\t\t\t\t<\/div>\n\t\t\t\t\t<\/div>\n\t\t<\/div>\n\t\t\t\t\t<\/div>\n\t\t<\/section>\n\t\t\t\t\t<\/div>\n\t\t<\/div>\n\t\t\t\t<div class=\"elementor-column elementor-col-50 elementor-top-column elementor-element elementor-element-7f7c6137\" data-id=\"7f7c6137\" data-element_type=\"column\" data-settings=\"{&quot;background_background&quot;:&quot;classic&quot;}\">\n\t\t\t<div class=\"elementor-widget-wrap elementor-element-populated\">\n\t\t\t\t\t\t<section class=\"elementor-section elementor-inner-section elementor-element elementor-element-93f9900 elementor-section-boxed elementor-section-height-default elementor-section-height-default\" data-id=\"93f9900\" data-element_type=\"section\" data-settings=\"{&quot;background_background&quot;:&quot;classic&quot;}\">\n\t\t\t\t\t\t<div class=\"elementor-container elementor-column-gap-default\">\n\t\t\t\t\t<div class=\"elementor-column elementor-col-100 elementor-inner-column elementor-element elementor-element-7f497d59\" data-id=\"7f497d59\" data-element_type=\"column\">\n\t\t\t<div class=\"elementor-widget-wrap elementor-element-populated\">\n\t\t\t\t\t\t<div class=\"elementor-element elementor-element-a905e88 elementor-widget elementor-widget-text-editor\" data-id=\"a905e88\" data-element_type=\"widget\" data-widget_type=\"text-editor.default\">\n\t\t\t\t<div class=\"elementor-widget-container\">\n\t\t\t\t\t\t\t\t\t<p style=\"text-align: justify;\" class=\"translation-block\">For more than 30 years, BRUNONE INNOVATION group has offered solutions and handling equipment for the transport of bulk by belt conveyors.<\/p><p style=\"text-align: justify;\" class=\"translation-block\">Our strengh : <\/strong>The Innovation<\/strong>. Our company includes a department dedicated to research and development to constantly offer technical solutions that are as close as possible to our customers' needs.<\/p><p>Owner of more than thirty patents around the world of aggregates and mining, R.Brunone, the eponymous company, thanks to a reputation as a pioneer in the field and is constantly renewing itself.<\/p>\t\t\t\t\t\t\t\t<\/div>\n\t\t\t\t<\/div>\n\t\t\t\t\t<\/div>\n\t\t<\/div>\n\t\t\t\t\t<\/div>\n\t\t<\/section>\n\t\t\t\t\t<\/div>\n\t\t<\/div>\n\t\t\t\t\t<\/div>\n\t\t<\/section>\n\t\t\t\t<section class=\"elementor-section elementor-top-section elementor-element elementor-element-21f150f elementor-section-boxed elementor-section-height-default elementor-section-height-default\" data-id=\"21f150f\" data-element_type=\"section\">\n\t\t\t\t\t\t<div class=\"elementor-container elementor-column-gap-default\">\n\t\t\t\t\t<div class=\"elementor-column elementor-col-100 elementor-top-column elementor-element elementor-element-5a20039\" data-id=\"5a20039\" data-element_type=\"column\">\n\t\t\t<div class=\"elementor-widget-wrap elementor-element-populated\">\n\t\t\t\t\t\t<div class=\"elementor-element elementor-element-320e029 elementor-widget elementor-widget-text-editor\" data-id=\"320e029\" data-element_type=\"widget\" data-widget_type=\"text-editor.default\">\n\t\t\t\t<div class=\"elementor-widget-container\">\n\t\t\t\t\t\t\t\t\t<p>Our intervention field now includes a growing number of activity sectors: quarries\/ aggregates, cement factories, glass factories, sugar factories, industrial minerals, metallurgy, and even explosive atmosphere installations.<\/p><p>Our experts are at your disposal to provide you with solutions tailored to your needs and guarantee reliability, productivity and safety.<\/p><p>Our engineering departement are equiped with the lastest generation of software 2D &amp; 3D.\u00a0<span style=\"background-color: transparent;\">We can adapt our Solutions to your installation, based on IT drawings\u00a0<\/span><span style=\"background-color: transparent; color: var(--global-palette4); font-family: var(--global-body-font-family);\">concevoir un projet mutuel et sur mesure.\u00a0<\/span><\/p><p>We are getting a good experience for retrofit instalaltion thanks to survey on site.<\/p>\t\t\t\t\t\t\t\t<\/div>\n\t\t\t\t<\/div>\n\t\t\t\t\t<\/div>\n\t\t<\/div>\n\t\t\t\t\t<\/div>\n\t\t<\/section>\n\t\t\t\t<section class=\"elementor-section elementor-top-section elementor-element elementor-element-fad37ec elementor-section-boxed elementor-section-height-default elementor-section-height-default\" data-id=\"fad37ec\" data-element_type=\"section\">\n\t\t\t\t\t\t<div class=\"elementor-container elementor-column-gap-default\">\n\t\t\t\t\t<div class=\"elementor-column elementor-col-100 elementor-top-column elementor-element elementor-element-4ca110b\" data-id=\"4ca110b\" data-element_type=\"column\">\n\t\t\t<div class=\"elementor-widget-wrap elementor-element-populated\">\n\t\t\t\t\t\t<div class=\"elementor-element elementor-element-78a88be elementor-widget elementor-widget-heading\" data-id=\"78a88be\" data-element_type=\"widget\" data-widget_type=\"heading.default\">\n\t\t\t\t<div class=\"elementor-widget-container\">\n\t\t\t\t\t<h2 class=\"elementor-heading-title elementor-size-default\">BRUNONE AT GLANCE<\/h2>\t\t\t\t<\/div>\n\t\t\t\t<\/div>\n\t\t\t\t<div class=\"elementor-element elementor-element-7a68219 elementor-widget elementor-widget-timeline-widget-addon\" data-id=\"7a68219\" data-element_type=\"widget\" data-widget_type=\"timeline-widget-addon.default\">\n\t\t\t\t<div class=\"elementor-widget-container\">\n\t\t\t\t\t<!-- ========= Timeline Widget Addon For Elementor 1.6.8 ========= -->\n<div id=\"twae-wrapper-7a68219\" class=\"twae-vertical twae-wrapper  twae-both-sided\">   \n    <div class=\"twae-start\"><\/div>    \n    <div id=\"twea-timeline-7a68219\" class=\"twae-timeline\" ><!-- Start of Story Repeater Content --><div id=\"story-9d47468\" class=\"twae-story twae-repeater-item twae-story-right twae-story-no-icon\"><!-- Story Label --><div class=\"twae-labels\"><div class=\"twae-label-big\">2021<\/div><div class=\"twae-label-small\">EN620 Norm<\/div><\/div><!-- Story Icon --><div class=\"twae-icon\"><i aria-hidden=\"true\" class=\"far fa-lightbulb\"><\/i><\/div><!-- Story Arrow --><div class=\"twae-arrow\"><\/div><!-- Start of Story Content --><div class=\"twae-content\"><!-- Story Title --><div class=\"twae-title\">EN620 Norm<\/div><!-- Story Image --><div class=\"twae-media thumbnail\"><img decoding=\"async\" width=\"150\" height=\"150\" src=\"https:\/\/www.brunone-innovation.com\/wp-content\/uploads\/2021\/10\/Norme-Europeenne-150x150.jpg\" class=\"attachment-thumbnail size-thumbnail\" alt=\"\" srcset=\"https:\/\/www.brunone-innovation.com\/wp-content\/uploads\/2021\/10\/Norme-Europeenne-150x150.jpg 150w, https:\/\/www.brunone-innovation.com\/wp-content\/uploads\/2021\/10\/Norme-Europeenne-12x12.jpg 12w\" sizes=\"(max-width: 150px) 100vw, 150px\" \/><\/div><!-- Story Description --><div class=\"twae-description\"><p style=\"text-align: justify\">New regulations for protection techniques against the risks generated by nip points on conveyor belts.<\/p><\/div><\/div><\/div><!-- Start of Story Repeater Content --><div id=\"story-8e6b260\" class=\"twae-story twae-repeater-item twae-story-left twae-story-no-icon\"><!-- Story Label --><div class=\"twae-labels\"><div class=\"twae-label-big\">2019<\/div><div class=\"twae-label-small\">R.BRUNONE<\/div><\/div><!-- Story Icon --><div class=\"twae-icon\"><i aria-hidden=\"true\" class=\"far fa-lightbulb\"><\/i><\/div><!-- Story Arrow --><div class=\"twae-arrow\"><\/div><!-- Start of Story Content --><div class=\"twae-content\"><!-- Story Title --><div class=\"twae-title\">SPARCRIC G <\/div><!-- Story Image --><div class=\"twae-media medium\"><img decoding=\"async\" width=\"300\" height=\"174\" src=\"https:\/\/www.brunone-innovation.com\/wp-content\/uploads\/2021\/08\/RENDU-v4-300x174.png\" class=\"attachment-medium size-medium\" alt=\"L\u00e8ve bande gonflable pour convoyeur maintenance des rouleaux transporteur\" srcset=\"https:\/\/www.brunone-innovation.com\/wp-content\/uploads\/2021\/08\/RENDU-v4-300x174.png 300w, https:\/\/www.brunone-innovation.com\/wp-content\/uploads\/2021\/08\/RENDU-v4-16x9.png 16w, https:\/\/www.brunone-innovation.com\/wp-content\/uploads\/2021\/08\/RENDU-v4.png 719w\" sizes=\"(max-width: 300px) 100vw, 300px\" \/><\/div><!-- Story Description --><div class=\"twae-description\"><p style=\"text-align: justify\">Creation of the inflatable belt lifter, essential tools never imagined before to facilitate the maintenance and safety of belt conveyor roller changes.<\/p>\n<a class=\"elementor-button-link elementor-button elementor-size-md elementor-animation-float\" role=\"button\" href=\"https:\/\/www.brunone-innovation.com\/en\/sparcric-g-leve-bande\/\">\n<span class=\"elementor-button-content-wrapper\">\n<span class=\"elementor-button-icon elementor-align-icon-left\">\n<i class=\"far fa-arrow-alt-circle-right\" aria-hidden=\"true\"><\/i> <\/span>\n<span class=\"elementor-button-text\">Get more<\/span>\n<\/span>\n<\/a><\/div><\/div><\/div><!-- Start of Story Repeater Content --><div id=\"story-e5084f3\" class=\"twae-story twae-repeater-item twae-story-right twae-story-no-icon\"><!-- Story Label --><div class=\"twae-labels\"><div class=\"twae-label-big\">2013<\/div><div class=\"twae-label-small\">BMF<\/div><\/div><!-- Story Icon --><div class=\"twae-icon\"><i aria-hidden=\"true\" class=\"far fa-lightbulb\"><\/i><\/div><!-- Story Arrow --><div class=\"twae-arrow\"><\/div><!-- Start of Story Content --><div class=\"twae-content\"><!-- Story Title --><div class=\"twae-title\">A willingness to innovate<\/div><!-- Story Image --><div class=\"twae-media thumbnail\"><img loading=\"lazy\" decoding=\"async\" width=\"150\" height=\"150\" src=\"https:\/\/www.brunone-innovation.com\/wp-content\/uploads\/2021\/03\/convoyeur-a-ossature-beton-150x150.png\" class=\"attachment-thumbnail size-thumbnail\" alt=\"\" \/><\/div><!-- Story Description --><div class=\"twae-description\"><p style=\"text-align:justify\"> Mr Ren\u00e9 Brunone has created BMF branch,  specialized in the outsourcing of handling equipment management.<\/p><\/div><\/div><\/div><!-- Start of Story Repeater Content --><div id=\"story-d9c7bef\" class=\"twae-story twae-repeater-item twae-story-left twae-story-no-icon\"><!-- Story Label --><div class=\"twae-labels\"><div class=\"twae-label-big\">2003<\/div><div class=\"twae-label-small\">R.BRUNONE CANADA<\/div><\/div><!-- Story Icon --><div class=\"twae-icon\"><i aria-hidden=\"true\" class=\"fas fa-hands-helping\"><\/i><\/div><!-- Story Arrow --><div class=\"twae-arrow\"><\/div><!-- Start of Story Content --><div class=\"twae-content\"><!-- Story Title --><div class=\"twae-title\">An influence across the Atlantic<\/div><!-- Story Image --><div class=\"twae-media medium\"><img loading=\"lazy\" decoding=\"async\" width=\"300\" height=\"140\" src=\"https:\/\/www.brunone-innovation.com\/wp-content\/uploads\/2021\/03\/Canada_Fr-300x140.jpg\" class=\"attachment-medium size-medium\" alt=\"\" srcset=\"https:\/\/www.brunone-innovation.com\/wp-content\/uploads\/2021\/03\/Canada_Fr-300x140.jpg 300w, https:\/\/www.brunone-innovation.com\/wp-content\/uploads\/2021\/03\/Canada_Fr-1024x478.jpg 1024w, https:\/\/www.brunone-innovation.com\/wp-content\/uploads\/2021\/03\/Canada_Fr-768x359.jpg 768w, https:\/\/www.brunone-innovation.com\/wp-content\/uploads\/2021\/03\/Canada_Fr-1536x718.jpg 1536w, https:\/\/www.brunone-innovation.com\/wp-content\/uploads\/2021\/03\/Canada_Fr-16x7.jpg 16w, https:\/\/www.brunone-innovation.com\/wp-content\/uploads\/2021\/03\/Canada_Fr.jpg 1689w\" sizes=\"(max-width: 300px) 100vw, 300px\" \/><\/div><!-- Story Description --><div class=\"twae-description\"><p style=\"text-align:justify\">Faced with the international development of Brunone Innovation companies, Mr. Ren\u00e9 Brunone creates the company R.Brunone Canada, which brings together all of Brunone Innovation's expertise in North America.<\/p><\/div><\/div><\/div><!-- Start of Story Repeater Content --><div id=\"story-5ef7ff4\" class=\"twae-story twae-repeater-item twae-story-right twae-story-no-icon\"><!-- Story Label --><div class=\"twae-labels\"><div class=\"twae-label-big\">2000<\/div><div class=\"twae-label-small\">TECHMI<\/div><\/div><!-- Story Icon --><div class=\"twae-icon\"><i aria-hidden=\"true\" class=\"fas fa-hands-helping\"><\/i><\/div><!-- Story Arrow --><div class=\"twae-arrow\"><\/div><!-- Start of Story Content --><div class=\"twae-content\"><!-- Story Title --><div class=\"twae-title\">TECHMI owning<\/div><!-- Story Image --><div class=\"twae-media thumbnail\"><img loading=\"lazy\" decoding=\"async\" width=\"150\" height=\"150\" src=\"https:\/\/www.brunone-innovation.com\/wp-content\/uploads\/2021\/03\/IMG_0485-150x150.jpg\" class=\"attachment-thumbnail size-thumbnail\" alt=\"\" \/><\/div><!-- Story Description --><div class=\"twae-description\"><p style=\"text-align:justify\">Originally created in 1981, R. Brunone bought the company in order to be able to quantify and produce handling solutions and flat belts over long distances.<\/p><\/div><\/div><\/div><!-- Start of Story Repeater Content --><div id=\"story-1ffcb24\" class=\"twae-story twae-repeater-item twae-story-left twae-story-no-icon\"><!-- Story Label --><div class=\"twae-labels\"><div class=\"twae-label-big\">1997<\/div><div class=\"twae-label-small\">TRANSPAR<\/div><\/div><!-- Story Icon --><div class=\"twae-icon\"><i aria-hidden=\"true\" class=\"fas fa-hands-helping\"><\/i><\/div><!-- Story Arrow --><div class=\"twae-arrow\"><\/div><!-- Start of Story Content --><div class=\"twae-content\"><!-- Story Title --><div class=\"twae-title\">Sealing, a new concern<\/div><!-- Story Image --><div class=\"twae-media thumbnail\"><img loading=\"lazy\" decoding=\"async\" width=\"150\" height=\"150\" src=\"https:\/\/www.brunone-innovation.com\/wp-content\/uploads\/2021\/03\/TRANSPAR-1-150x150.jpg\" class=\"attachment-thumbnail size-thumbnail\" alt=\"\" srcset=\"https:\/\/www.brunone-innovation.com\/wp-content\/uploads\/2021\/03\/TRANSPAR-1-150x150.jpg 150w, https:\/\/www.brunone-innovation.com\/wp-content\/uploads\/2021\/03\/TRANSPAR-1-11x12.jpg 11w\" sizes=\"(max-width: 150px) 100vw, 150px\" \/><\/div><!-- Story Description --><div class=\"twae-description\"><p style=\"text-align: justify\">Creation of the company R. Brunone &amp; Traon Ltd. Mr. Ren\u00e9 Brunone pursues his reflections on one of the aspects of safety which had been neglected until then: the fight against dust, in particular thanks to a new product: the TRANSPAR (hermetic conveyor).<\/p><\/div><\/div><\/div><!-- Start of Story Repeater Content --><div id=\"story-18ab976\" class=\"twae-story twae-repeater-item twae-story-right twae-story-no-icon\"><!-- Story Label --><div class=\"twae-labels\"><div class=\"twae-label-big\">1994<\/div><div class=\"twae-label-small\">R.BRUNONE<\/div><\/div><!-- Story Icon --><div class=\"twae-icon\"><i aria-hidden=\"true\" class=\"fas fa-building\"><\/i><\/div><!-- Story Arrow --><div class=\"twae-arrow\"><\/div><!-- Start of Story Content --><div class=\"twae-content\"><!-- Story Title --><div class=\"twae-title\">The concretization of a career path<\/div><!-- Story Image --><div class=\"twae-media thumbnail\"><img loading=\"lazy\" decoding=\"async\" width=\"150\" height=\"150\" src=\"https:\/\/www.brunone-innovation.com\/wp-content\/uploads\/2023\/06\/Rene-150x150.jpg\" class=\"attachment-thumbnail size-thumbnail\" alt=\"\" \/><\/div><!-- Story Description --><div class=\"twae-description\"><p style=\"text-align:justify\">Creation of the company R. Brunone Ltd. The CRAMIF inserts in the general provision n\u00b04 concerning \"the installation of belt conveyors in quarries\" all the SPAR products, which shows the efficiency and the relevance of the devices.<\/p><\/div><\/div><\/div><!-- Start of Story Repeater Content --><div id=\"story-b810efa\" class=\"twae-story twae-repeater-item twae-story-left twae-story-no-icon\"><!-- Story Label --><div class=\"twae-labels\"><div class=\"twae-label-big\">1993<\/div><div class=\"twae-label-small\">Securidee diploma<\/div><\/div><!-- Story Icon --><div class=\"twae-icon\"><i aria-hidden=\"true\" class=\"fas fa-certificate\"><\/i><\/div><!-- Story Arrow --><div class=\"twae-arrow\"><\/div><!-- Start of Story Content --><div class=\"twae-content\"><!-- Story Title --><div class=\"twae-title\">The approval of his peers<\/div><!-- Story Image --><div class=\"twae-media thumbnail\"><img loading=\"lazy\" decoding=\"async\" width=\"150\" height=\"150\" src=\"https:\/\/www.brunone-innovation.com\/wp-content\/uploads\/2021\/06\/festival-innovations-chez-brunone-150x150.jpg\" class=\"attachment-thumbnail size-thumbnail\" alt=\"D\u00e9monte tambour Rene BRUNONE salon de la SIM\" \/><\/div><!-- Story Description --><div class=\"twae-description\"><p style=\"text-align: justify\"><a href=\"https:\/\/www.prevencem.fr\/\" target=\"_blank\" rel=\"noopener noreferrer\">PREVENCEM<\/a> awards Mr. Ren\u00e9 Brunone the Securidee diploma: the first recognition given to a non-operator for his innovations in safety.<\/p><\/div><\/div><\/div><!-- Start of Story Repeater Content --><div id=\"story-17ce2a4\" class=\"twae-story twae-repeater-item twae-story-right twae-story-no-icon\"><!-- Story Label --><div class=\"twae-labels\"><div class=\"twae-label-big\">1984<\/div><div class=\"twae-label-small\">SPAR1 &amp; SPAR2<\/div><\/div><!-- Story Icon --><div class=\"twae-icon\"><i aria-hidden=\"true\" class=\"far fa-lightbulb\"><\/i><\/div><!-- Story Arrow --><div class=\"twae-arrow\"><\/div><!-- Start of Story Content --><div class=\"twae-content\"><!-- Story Title --><div class=\"twae-title\">Genesis of close security<\/div><!-- Story Image --><div class=\"twae-media thumbnail\"><img loading=\"lazy\" decoding=\"async\" width=\"150\" height=\"150\" src=\"https:\/\/www.brunone-innovation.com\/wp-content\/uploads\/2021\/04\/SPAR-1-CLIP-Protection-des-angles-rentrant-1-150x150.png\" class=\"attachment-thumbnail size-thumbnail\" alt=\"\" srcset=\"https:\/\/www.brunone-innovation.com\/wp-content\/uploads\/2021\/04\/SPAR-1-CLIP-Protection-des-angles-rentrant-1-150x150.png 150w, https:\/\/www.brunone-innovation.com\/wp-content\/uploads\/2021\/04\/SPAR-1-CLIP-Protection-des-angles-rentrant-1.png 300w, https:\/\/www.brunone-innovation.com\/wp-content\/uploads\/2021\/04\/SPAR-1-CLIP-Protection-des-angles-rentrant-1-12x12.png 12w\" sizes=\"(max-width: 150px) 100vw, 150px\" \/><\/div><!-- Story Description --><div class=\"twae-description\"><p style=\"text-align: justify\">Mr. Ren\u00e9 Brunone mades the conveyor installation his speciality and designs two original products: the SPAR1 and the SPAR2, devices for the close protection of the rollers and the head drum on belt conveyors.<\/p>\n<a class=\"elementor-button-link elementor-button elementor-size-md elementor-animation-float\" role=\"button\" href=\"https:\/\/www.brunone-innovation.com\/en\/securite-protection\/\">\n<span class=\"elementor-button-content-wrapper\">\n<span class=\"elementor-button-icon elementor-align-icon-left\">\n<i class=\"far fa-arrow-alt-circle-right\" aria-hidden=\"true\"><\/i> <\/span>\n<span class=\"elementor-button-text\">Get more<\/span>\n<\/span>\n<\/a><\/div><\/div><\/div><\/div>\n    <div class=\"twae-end\"><\/div>\n    <\/div><style type=\"text\/css\">@media (max-width: 1024px){ .twae-wrapper{--tw-ybx-size: 80px !important;}}@media (max-width: 767px){ .twae-wrapper{--tw-ybx-size: 80px !important}}<\/style>\t\t\t\t<\/div>\n\t\t\t\t<\/div>\n\t\t\t\t\t<\/div>\n\t\t<\/div>\n\t\t\t\t\t<\/div>\n\t\t<\/section>\n\t\t\t\t<\/div>","protected":false},"excerpt":{"rendered":"<p>A propos de nous Depuis plus de 30 ans, la soci\u00e9t\u00e9 R.Brunone propose des solutions et des \u00e9quipements de manutention pour le transport de vrac par convoyeurs \u00e0 bande. Notre credo, qui fait \u00e9galement notre force :\u00a0 l&rsquo;Innovation. Notre structure comporte un d\u00e9partement consacr\u00e9 \u00e0 la recherche et au d\u00e9veloppement (R&amp;D) pour sans cesse proposer&#8230;<\/p>","protected":false},"author":1,"featured_media":0,"parent":0,"menu_order":0,"comment_status":"closed","ping_status":"closed","template":"","meta":{"inline_featured_image":false,"_kad_post_transparent":"","_kad_post_title":"hide","_kad_post_layout":"fullwidth","_kad_post_sidebar_id":"","_kad_post_content_style":"unboxed","_kad_post_vertical_padding":"hide","_kad_post_feature":"hide","_kad_post_feature_position":"","_kad_post_header":false,"_kad_post_footer":false,"footnotes":""},"class_list":["post-165","page","type-page","status-publish","hentry"],"_links":{"self":[{"href":"https:\/\/www.brunone-innovation.com\/en\/wp-json\/wp\/v2\/pages\/165","targetHints":{"allow":["GET"]}}],"collection":[{"href":"https:\/\/www.brunone-innovation.com\/en\/wp-json\/wp\/v2\/pages"}],"about":[{"href":"https:\/\/www.brunone-innovation.com\/en\/wp-json\/wp\/v2\/types\/page"}],"author":[{"embeddable":true,"href":"https:\/\/www.brunone-innovation.com\/en\/wp-json\/wp\/v2\/users\/1"}],"replies":[{"embeddable":true,"href":"https:\/\/www.brunone-innovation.com\/en\/wp-json\/wp\/v2\/comments?post=165"}],"version-history":[{"count":0,"href":"https:\/\/www.brunone-innovation.com\/en\/wp-json\/wp\/v2\/pages\/165\/revisions"}],"wp:attachment":[{"href":"https:\/\/www.brunone-innovation.com\/en\/wp-json\/wp\/v2\/media?parent=165"}],"curies":[{"name":"wp","href":"https:\/\/api.w.org\/{rel}","templated":true}]}}